{"id":38461,"date":"2024-10-11T09:43:01","date_gmt":"2024-10-11T13:43:01","guid":{"rendered":"https:\/\/caps-i.ca\/?page_id=38461"},"modified":"2024-10-11T09:43:01","modified_gmt":"2024-10-11T13:43:01","slug":"caps-i-enrolment-data","status":"publish","type":"page","link":"https:\/\/caps-i.ca\/tr\/kaynaklar\/caps-i-enrolment-data\/","title":{"rendered":"CAPS-I Enrolment Data"},"content":{"rendered":"","protected":false},"excerpt":{"rendered":"","protected":false},"author":230,"featured_media":0,"parent":97,"menu_order":0,"comment_status":"closed","ping_status":"closed","template":"","meta":{"_bbp_topic_count":0,"_bbp_reply_count":0,"_bbp_total_topic_count":0,"_bbp_total_reply_count":0,"_bbp_voice_count":0,"_bbp_anonymous_reply_count":0,"_bbp_topic_count_hidden":0,"_bbp_reply_count_hidden":0,"_bbp_forum_subforum_count":0,"_uf_show_specific_survey":0,"_uf_disable_surveys":false,"footnotes":""},"yoast_head":"<!-- This site is optimized with the Yoast SEO plugin v23.0 - https:\/\/yoast.com\/wordpress\/plugins\/seo\/ -->\n<title>CAPS-I Enrolment Data | CAPS-I<\/title>\n<meta name=\"robots\" content=\"index, follow, max-snippet:-1, max-image-preview:large, max-video-preview:-1\" \/>\n<link rel=\"canonical\" href=\"https:\/\/caps-i.ca\/tr\/kaynaklar\/caps-i-enrolment-data\/\" class=\"yoast-seo-meta-tag\" \/>\n<meta property=\"og:locale\" content=\"tr_TR\" class=\"yoast-seo-meta-tag\" \/>\n<meta property=\"og:type\" content=\"article\" class=\"yoast-seo-meta-tag\" \/>\n<meta property=\"og:title\" content=\"CAPS-I Enrolment Data | CAPS-I\" class=\"yoast-seo-meta-tag\" \/>\n<meta property=\"og:url\" content=\"https:\/\/caps-i.ca\/tr\/kaynaklar\/caps-i-enrolment-data\/\" class=\"yoast-seo-meta-tag\" \/>\n<meta property=\"og:site_name\" content=\"Canadian Association of Public Schools - International | CAPS-I\" class=\"yoast-seo-meta-tag\" \/>\n<meta property=\"article:publisher\" content=\"https:\/\/www.facebook.com\/CanadianAssociationofPublicSchoolsInternational\" class=\"yoast-seo-meta-tag\" \/>\n<meta name=\"twitter:card\" content=\"summary_large_image\" class=\"yoast-seo-meta-tag\" \/>\n<script type=\"application\/ld+json\" class=\"yoast-schema-graph\">{\"@context\":\"https:\/\/schema.org\",\"@graph\":[{\"@type\":\"WebPage\",\"@id\":\"https:\/\/caps-i.ca\/tr\/kaynaklar\/caps-i-enrolment-data\/\",\"url\":\"https:\/\/caps-i.ca\/tr\/kaynaklar\/caps-i-enrolment-data\/\",\"name\":\"CAPS-I Enrolment Data | CAPS-I\",\"isPartOf\":{\"@id\":\"https:\/\/caps-i.ca\/tr\/#website\"},\"datePublished\":\"2024-10-11T13:43:01+00:00\",\"dateModified\":\"2024-10-11T13:43:01+00:00\",\"breadcrumb\":{\"@id\":\"https:\/\/caps-i.ca\/tr\/kaynaklar\/caps-i-enrolment-data\/#breadcrumb\"},\"inLanguage\":\"tr\",\"potentialAction\":[{\"@type\":\"ReadAction\",\"target\":[\"https:\/\/caps-i.ca\/tr\/kaynaklar\/caps-i-enrolment-data\/\"]}]},{\"@type\":\"BreadcrumbList\",\"@id\":\"https:\/\/caps-i.ca\/tr\/kaynaklar\/caps-i-enrolment-data\/#breadcrumb\",\"itemListElement\":[{\"@type\":\"ListItem\",\"position\":1,\"name\":\"Home\",\"item\":\"https:\/\/caps-i.ca\/\"},{\"@type\":\"ListItem\",\"position\":2,\"name\":\"Members\",\"item\":\"https:\/\/caps-i.ca\/resources\/\"},{\"@type\":\"ListItem\",\"position\":3,\"name\":\"CAPS-I Enrolment Data\"}]},{\"@type\":\"WebSite\",\"@id\":\"https:\/\/caps-i.ca\/tr\/#website\",\"url\":\"https:\/\/caps-i.ca\/tr\/\",\"name\":\"Canadian Association of Public Schools - International | CAPS-I\",\"description\":\"CAPS-I\",\"publisher\":{\"@id\":\"https:\/\/caps-i.ca\/tr\/#organization\"},\"potentialAction\":[{\"@type\":\"SearchAction\",\"target\":{\"@type\":\"EntryPoint\",\"urlTemplate\":\"https:\/\/caps-i.ca\/tr\/?s={search_term_string}\"},\"query-input\":\"required name=search_term_string\"}],\"inLanguage\":\"tr\"},{\"@type\":\"Organization\",\"@id\":\"https:\/\/caps-i.ca\/tr\/#organization\",\"name\":\"Canadian Association of Public Schools - International\",\"url\":\"https:\/\/caps-i.ca\/tr\/\",\"logo\":{\"@type\":\"ImageObject\",\"inLanguage\":\"tr\",\"@id\":\"https:\/\/caps-i.ca\/tr\/#\/schema\/logo\/image\/\",\"url\":\"https:\/\/caps-i.ca\/wp-content\/uploads\/2024\/04\/capsi-2023-scaled.jpeg\",\"contentUrl\":\"https:\/\/caps-i.ca\/wp-content\/uploads\/2024\/04\/capsi-2023-scaled.jpeg\",\"width\":2560,\"height\":803,\"caption\":\"Canadian Association of Public Schools - International\"},\"image\":{\"@id\":\"https:\/\/caps-i.ca\/tr\/#\/schema\/logo\/image\/\"},\"sameAs\":[\"https:\/\/www.facebook.com\/CanadianAssociationofPublicSchoolsInternational\",\"https:\/\/www.linkedin.com\/company\/caps-i\",\"https:\/\/www.instagram.com\/canadianassocpublicschoolsintl\/\"]}]}<\/script>\n<!-- \/ Yoast SEO plugin. -->","yoast_head_json":{"title":"CAPS-I Enrolment Data | CAPS-I","robots":{"index":"index","follow":"follow","max-snippet":"max-snippet:-1","max-image-preview":"max-image-preview:large","max-video-preview":"max-video-preview:-1"},"canonical":"https:\/\/caps-i.ca\/tr\/kaynaklar\/caps-i-enrolment-data\/","og_locale":"tr_TR","og_type":"article","og_title":"CAPS-I Enrolment Data | CAPS-I","og_url":"https:\/\/caps-i.ca\/tr\/kaynaklar\/caps-i-enrolment-data\/","og_site_name":"Canadian Association of Public Schools - International | CAPS-I","article_publisher":"https:\/\/www.facebook.com\/CanadianAssociationofPublicSchoolsInternational","twitter_card":"summary_large_image","schema":{"@context":"https:\/\/schema.org","@graph":[{"@type":"WebPage","@id":"https:\/\/caps-i.ca\/tr\/kaynaklar\/caps-i-enrolment-data\/","url":"https:\/\/caps-i.ca\/tr\/kaynaklar\/caps-i-enrolment-data\/","name":"CAPS-I Enrolment Data | CAPS-I","isPartOf":{"@id":"https:\/\/caps-i.ca\/tr\/#website"},"datePublished":"2024-10-11T13:43:01+00:00","dateModified":"2024-10-11T13:43:01+00:00","breadcrumb":{"@id":"https:\/\/caps-i.ca\/tr\/kaynaklar\/caps-i-enrolment-data\/#breadcrumb"},"inLanguage":"tr","potentialAction":[{"@type":"ReadAction","target":["https:\/\/caps-i.ca\/tr\/kaynaklar\/caps-i-enrolment-data\/"]}]},{"@type":"BreadcrumbList","@id":"https:\/\/caps-i.ca\/tr\/kaynaklar\/caps-i-enrolment-data\/#breadcrumb","itemListElement":[{"@type":"ListItem","position":1,"name":"Home","item":"https:\/\/caps-i.ca\/"},{"@type":"ListItem","position":2,"name":"Members","item":"https:\/\/caps-i.ca\/resources\/"},{"@type":"ListItem","position":3,"name":"CAPS-I Enrolment Data"}]},{"@type":"WebSite","@id":"https:\/\/caps-i.ca\/tr\/#website","url":"https:\/\/caps-i.ca\/tr\/","name":"Kanada Devlet Okullar\u0131 Birli\u011fi - Uluslararas\u0131 | CAPS-I","description":"CAPS-I","publisher":{"@id":"https:\/\/caps-i.ca\/tr\/#organization"},"potentialAction":[{"@type":"SearchAction","target":{"@type":"EntryPoint","urlTemplate":"https:\/\/caps-i.ca\/tr\/?s={search_term_string}"},"query-input":"required name=search_term_string"}],"inLanguage":"tr"},{"@type":"Organization","@id":"https:\/\/caps-i.ca\/tr\/#organization","name":"Kanada Devlet Okullar\u0131 Birli\u011fi - Uluslararas\u0131","url":"https:\/\/caps-i.ca\/tr\/","logo":{"@type":"ImageObject","inLanguage":"tr","@id":"https:\/\/caps-i.ca\/tr\/#\/schema\/logo\/image\/","url":"https:\/\/caps-i.ca\/wp-content\/uploads\/2024\/04\/capsi-2023-scaled.jpeg","contentUrl":"https:\/\/caps-i.ca\/wp-content\/uploads\/2024\/04\/capsi-2023-scaled.jpeg","width":2560,"height":803,"caption":"Canadian Association of Public Schools - International"},"image":{"@id":"https:\/\/caps-i.ca\/tr\/#\/schema\/logo\/image\/"},"sameAs":["https:\/\/www.facebook.com\/CanadianAssociationofPublicSchoolsInternational","https:\/\/www.linkedin.com\/company\/caps-i","https:\/\/www.instagram.com\/canadianassocpublicschoolsintl\/"]}]}},"_links":{"self":[{"href":"https:\/\/caps-i.ca\/tr\/wp-json\/wp\/v2\/pages\/38461"}],"collection":[{"href":"https:\/\/caps-i.ca\/tr\/wp-json\/wp\/v2\/pages"}],"about":[{"href":"https:\/\/caps-i.ca\/tr\/wp-json\/wp\/v2\/types\/page"}],"author":[{"embeddable":true,"href":"https:\/\/caps-i.ca\/tr\/wp-json\/wp\/v2\/users\/230"}],"replies":[{"embeddable":true,"href":"https:\/\/caps-i.ca\/tr\/wp-json\/wp\/v2\/comments?post=38461"}],"version-history":[{"count":1,"href":"https:\/\/caps-i.ca\/tr\/wp-json\/wp\/v2\/pages\/38461\/revisions"}],"predecessor-version":[{"id":38462,"href":"https:\/\/caps-i.ca\/tr\/wp-json\/wp\/v2\/pages\/38461\/revisions\/38462"}],"up":[{"embeddable":true,"href":"https:\/\/caps-i.ca\/tr\/wp-json\/wp\/v2\/pages\/97"}],"wp:attachment":[{"href":"https:\/\/caps-i.ca\/tr\/wp-json\/wp\/v2\/media?parent=38461"}],"curies":[{"name":"wp","href":"https:\/\/api.w.org\/{rel}","templated":true}]}}